{"id":337,"date":"2024-01-19T09:44:59","date_gmt":"2024-01-19T09:44:59","guid":{"rendered":"http:\/\/f12-informatik.ch\/?page_id=337"},"modified":"2025-04-03T11:51:43","modified_gmt":"2025-04-03T11:51:43","slug":"datenschutz","status":"publish","type":"page","link":"https:\/\/f12-informatik.ch\/?page_id=337","title":{"rendered":"Datenschutzerkl\u00e4rung"},"content":{"rendered":"<p style=\"text-align: left;\"><strong><a href=\"http:\/\/f12-informatik.ch\/wordpress\/wp-content\/uploads\/2025\/04\/Datenschutzerklaerung_2025.pdf\">Datenschutzerkl\u00e4rung als PDF zum Herunterladen<\/a><br \/>\n<\/strong><\/p>\n<p style=\"text-align: left;\">Das totalrevidierte Datenschutzgesetz (DSG) und die Ausf\u00fchrungsbestimmungen in der neuen Datenschutzverordnung (DSV) und der neuen Verordnung \u00fcber Datenschutzzertifizierungen (VDSZ) treten am 1. September 2023 in Kraft. Das hat der Bundesrat an seiner Sitzung vom 31. August 2022 entschieden. Damit erh\u00e4lt die Wirtschaft gen\u00fcgend Zeit, die notwendigen Vorkehrungen f\u00fcr die Umsetzung des neuen Datenschutzrechts zu treffen.<\/p>\n<p>Lesen Sie hier mehr dazu:<\/p>\n<p><a href=\"https:\/\/www.admin.ch\/gov\/de\/start\/dokumentation\/medienmitteilungen.msg-id-90134.html\">Neues Datenschutzrecht ab 1. September 2023 (admin.ch)<\/a><\/p>\n","protected":false},"excerpt":{"rendered":"<p>Datenschutzerkl\u00e4rung als PDF zum Herunterladen Das totalrevidierte Datenschutzgesetz (DSG) und die Ausf\u00fchrungsbestimmungen in der neuen Datenschutzverordnung (DSV) und der neuen Verordnung \u00fcber Datenschutzzertifizierungen (VDSZ) treten&#8230; <a href=\"https:\/\/f12-informatik.ch\/?page_id=337\" class=\"readmore\">weiterlesen<\/a><\/p>\n","protected":false},"author":2,"featured_media":0,"parent":0,"menu_order":0,"comment_status":"closed","ping_status":"closed","template":"","meta":[],"_links":{"self":[{"href":"https:\/\/f12-informatik.ch\/index.php?rest_route=\/wp\/v2\/pages\/337"}],"collection":[{"href":"https:\/\/f12-informatik.ch\/index.php?rest_route=\/wp\/v2\/pages"}],"about":[{"href":"https:\/\/f12-informatik.ch\/index.php?rest_route=\/wp\/v2\/types\/page"}],"author":[{"embeddable":true,"href":"https:\/\/f12-informatik.ch\/index.php?rest_route=\/wp\/v2\/users\/2"}],"replies":[{"embeddable":true,"href":"https:\/\/f12-informatik.ch\/index.php?rest_route=%2Fwp%2Fv2%2Fcomments&post=337"}],"version-history":[{"count":22,"href":"https:\/\/f12-informatik.ch\/index.php?rest_route=\/wp\/v2\/pages\/337\/revisions"}],"predecessor-version":[{"id":408,"href":"https:\/\/f12-informatik.ch\/index.php?rest_route=\/wp\/v2\/pages\/337\/revisions\/408"}],"wp:attachment":[{"href":"https:\/\/f12-informatik.ch\/index.php?rest_route=%2Fwp%2Fv2%2Fmedia&parent=337"}],"curies":[{"name":"wp","href":"https:\/\/api.w.org\/{rel}","templated":true}]}}