{"id":23,"date":"2014-01-26T16:59:03","date_gmt":"2014-01-26T16:59:03","guid":{"rendered":"http:\/\/f12-informatik.ch\/wordpress\/?page_id=23"},"modified":"2025-05-28T06:04:32","modified_gmt":"2025-05-28T06:04:32","slug":"uber-uns","status":"publish","type":"page","link":"https:\/\/f12-informatik.ch\/?page_id=23","title":{"rendered":"\u00dcber uns"},"content":{"rendered":"<p><span style=\"line-height: 1.5em;\">Wir sind zwei Unternehmer, die mit Kompetenz Support und Dienstleistungen rund um die Informatik von KMUs und Privatpersonen erbringen \u2013 also auch f\u00fcr Sie. Dabei denken wir alles andere als in Einsen und Nullen, sondern sprechen Ihre Sprache. Zusammen vereinen wir \u00fcber 50 Jahre Erfahrung in der IT.<\/span><\/p>\n<h3><img loading=\"lazy\" class=\"alignleft wp-image-444 size-full\" src=\"http:\/\/f12-informatik.ch\/wordpress\/wp-content\/uploads\/2025\/05\/SI_F12.jpg\" alt=\"\" width=\"225\" height=\"288\" \/><\/a>S\u00e9v\u00e9rine Imfeld<\/h3>\n<p>Schon fr\u00fch entdeckte ich meine Begeisterung f\u00fcr die Informatik und entschied mich f\u00fcr eine gezielte Weiterbildung zur Informatikerin. In den darauffolgenden Jahren sammelte ich umfassende Berufserfahrung in unterschiedlichen IT-Bereichen. Ich war als Leiterin einer IT-Abteilung sowie eines Service-Desks t\u00e4tig und \u00fcbernahm die Projektleitung bei Systemmigrationen und der Einf\u00fchrung neuer Tools. Als Dozentin vermittle ich praxisnahes Fachwissen und begleite Menschen bei ihrer Weiterbildung. Fotografie und Natur sind f\u00fcr mich der perfekte Ausgleich zum Alltag.<\/p>\n<h3><img loading=\"lazy\" class=\"alignright wp-image-419 size-medium\" src=\"http:\/\/f12-informatik.ch\/wordpress\/wp-content\/uploads\/2025\/04\/Davide_280425_2-229x300.jpg\" alt=\"\" width=\"229\" height=\"300\" srcset=\"https:\/\/f12-informatik.ch\/wordpress\/wp-content\/uploads\/2025\/04\/Davide_280425_2-229x300.jpg 229w, https:\/\/f12-informatik.ch\/wordpress\/wp-content\/uploads\/2025\/04\/Davide_280425_2.jpg 560w\" sizes=\"(max-width: 229px) 100vw, 229px\" \/><\/a>Davide Reale<\/h3>\n<p>Nach meiner Ausbildung in der Elektronikbranche habe ich schnell den Weg in die Informatik gefunden und bin seit den 90er Jahren in diesem Bereich t\u00e4tig. Bevor ich den Schritt in die Selbst\u00e4ndigkeit wagte, konnte ich wertvolle Erfahrungen in kleinen und mittelst\u00e4ndischen Unternehmen sowie in Gro\u00dfbetrieben sammeln. Meine T\u00e4tigkeiten liegen in den Bereichen Infrastruktur, Microsoft 365 und Projektleitung. Auch der Anwender-Support kommt dabei nicht zu kurz. In meiner Freizeit koche ich gerne f\u00fcr Familie und Freunde, gehe ins Kino oder unternehme Ausfl\u00fcge mit meiner Vespa.<\/p>\n<p>&nbsp;<\/p>\n<h3>Unsere Partner<\/h3>\n<p><img loading=\"lazy\" class=\"alignnone wp-image-241\" src=\"http:\/\/f12-informatik.ch\/wordpress\/wp-content\/uploads\/2014\/01\/MicrosoftSalesLogo_blau-300x150.jpg\" alt=\"MicrosoftSalesLogo_blau\" width=\"222\" height=\"110\" srcset=\"https:\/\/f12-informatik.ch\/wordpress\/wp-content\/uploads\/2014\/01\/MicrosoftSalesLogo_blau-300x150.jpg 300w, https:\/\/f12-informatik.ch\/wordpress\/wp-content\/uploads\/2014\/01\/MicrosoftSalesLogo_blau.jpg 720w\" sizes=\"(max-width: 222px) 100vw, 222px\" \/><\/a>\u00a0\u00a0\u00a0\u00a0\u00a0\u00a0\u00a0\u00a0\u00a0\u00a0\u00a0\u00a0\u00a0\u00a0\u00a0\u00a0 <img loading=\"lazy\" class=\"alignnone wp-image-247\" src=\"http:\/\/f12-informatik.ch\/wordpress\/wp-content\/uploads\/2014\/01\/MicrosoftCloudAccelerate-300x61.jpg\" alt=\"MicrosoftCloudAccelerate\" width=\"240\" height=\"49\" srcset=\"https:\/\/f12-informatik.ch\/wordpress\/wp-content\/uploads\/2014\/01\/MicrosoftCloudAccelerate-300x61.jpg 300w, https:\/\/f12-informatik.ch\/wordpress\/wp-content\/uploads\/2014\/01\/MicrosoftCloudAccelerate-1024x210.jpg 1024w, https:\/\/f12-informatik.ch\/wordpress\/wp-content\/uploads\/2014\/01\/MicrosoftCloudAccelerate.jpg 1715w\" sizes=\"(max-width: 240px) 100vw, 240px\" \/><\/a>\u00a0\u00a0\u00a0\u00a0\u00a0\u00a0\u00a0\u00a0\u00a0\u00a0\u00a0\u00a0 <img loading=\"lazy\" class=\"size-full wp-image-82 alignnone\" src=\"http:\/\/f12-informatik.ch\/wordpress\/wp-content\/uploads\/2014\/01\/partner-winbiz.jpg\" alt=\"WINBIZ Logo\" width=\"160\" height=\"72\" \/><\/p>\n<div><\/div>\n<div><\/div>\n<div>\u00a0 \u00a0 \u00a0 \u00a0 \u00a0 \u00a0 \u00a0 <img loading=\"lazy\" class=\"alignnone wp-image-200 \" src=\"http:\/\/f12-informatik.ch\/wordpress\/wp-content\/uploads\/2014\/01\/G_Data-Logo_2011_regular_web_RGB1.jpg\" alt=\"G Data Partner\" width=\"78\" height=\"107\" \/><\/a>\u00a0 \u00a0 \u00a0 \u00a0 \u00a0 \u00a0 \u00a0 \u00a0 \u00a0 \u00a0 \u00a0 \u00a0 \u00a0 \u00a0 \u00a0<img loading=\"lazy\" class=\"alignnone wp-image-376 \" src=\"http:\/\/f12-informatik.ch\/wordpress\/wp-content\/uploads\/2024\/12\/SZ_Logo2-e1733491683838.png\" alt=\"\" width=\"286\" height=\"96\" srcset=\"https:\/\/f12-informatik.ch\/wordpress\/wp-content\/uploads\/2024\/12\/SZ_Logo2-e1733491683838.png 331w, https:\/\/f12-informatik.ch\/wordpress\/wp-content\/uploads\/2024\/12\/SZ_Logo2-e1733491683838-300x101.png 300w\" sizes=\"(max-width: 286px) 100vw, 286px\" \/> <\/a>\u00a0 <img loading=\"lazy\" class=\"alignnone wp-image-169 size-full\" src=\"http:\/\/f12-informatik.ch\/wordpress\/wp-content\/uploads\/2014\/01\/partnerlogos-leadagent.jpg\" alt=\"\" width=\"200\" height=\"142\" \/><\/a><\/div>\n<div><\/div>\n<p>&nbsp;<\/p>\n<div>\u00a0 \u00a0 <img loading=\"lazy\" class=\"alignnone wp-image-439 \" src=\"http:\/\/f12-informatik.ch\/wordpress\/wp-content\/uploads\/2025\/05\/Business-Partner-300x268.png\" alt=\"\" width=\"165\" height=\"147\" srcset=\"https:\/\/f12-informatik.ch\/wordpress\/wp-content\/uploads\/2025\/05\/Business-Partner-300x268.png 300w, https:\/\/f12-informatik.ch\/wordpress\/wp-content\/uploads\/2025\/05\/Business-Partner-1024x915.png 1024w, https:\/\/f12-informatik.ch\/wordpress\/wp-content\/uploads\/2025\/05\/Business-Partner-768x686.png 768w, https:\/\/f12-informatik.ch\/wordpress\/wp-content\/uploads\/2025\/05\/Business-Partner.png 1324w\" sizes=\"(max-width: 165px) 100vw, 165px\" \/><\/a><\/div>\n","protected":false},"excerpt":{"rendered":"<p>Wir sind zwei Unternehmer, die mit Kompetenz Support und Dienstleistungen rund um die Informatik von KMUs und Privatpersonen erbringen \u2013 also auch f\u00fcr Sie. Dabei&#8230; <a href=\"https:\/\/f12-informatik.ch\/?page_id=23\" class=\"readmore\">weiterlesen<\/a><\/p>\n","protected":false},"author":1,"featured_media":0,"parent":0,"menu_order":0,"comment_status":"open","ping_status":"open","template":"","meta":[],"_links":{"self":[{"href":"https:\/\/f12-informatik.ch\/index.php?rest_route=\/wp\/v2\/pages\/23"}],"collection":[{"href":"https:\/\/f12-informatik.ch\/index.php?rest_route=\/wp\/v2\/pages"}],"about":[{"href":"https:\/\/f12-informatik.ch\/index.php?rest_route=\/wp\/v2\/types\/page"}],"author":[{"embeddable":true,"href":"https:\/\/f12-informatik.ch\/index.php?rest_route=\/wp\/v2\/users\/1"}],"replies":[{"embeddable":true,"href":"https:\/\/f12-informatik.ch\/index.php?rest_route=%2Fwp%2Fv2%2Fcomments&post=23"}],"version-history":[{"count":57,"href":"https:\/\/f12-informatik.ch\/index.php?rest_route=\/wp\/v2\/pages\/23\/revisions"}],"predecessor-version":[{"id":445,"href":"https:\/\/f12-informatik.ch\/index.php?rest_route=\/wp\/v2\/pages\/23\/revisions\/445"}],"wp:attachment":[{"href":"https:\/\/f12-informatik.ch\/index.php?rest_route=%2Fwp%2Fv2%2Fmedia&parent=23"}],"curies":[{"name":"wp","href":"https:\/\/api.w.org\/{rel}","templated":true}]}}